{"id":1524,"date":"2024-11-30T13:23:56","date_gmt":"2024-11-30T13:23:56","guid":{"rendered":"https:\/\/fruitilisious.eu\/?page_id=1524"},"modified":"2024-12-05T12:42:16","modified_gmt":"2024-12-05T12:42:16","slug":"recettes","status":"publish","type":"page","link":"https:\/\/fruitilisious.eu\/fr\/recettes\/","title":{"rendered":"Recettes"},"content":{"rendered":"<div class=\"wpb-content-wrapper\">[vc_row full_width=&#8221;container-null&#8221; el_class=&#8221;fl-ju-end&#8221;][vc_column agro_disable_column=&#8221;yes&#8221; offset=&#8221;vc_col-lg-12 vc_col-md-12 vc_col-xs-12&#8243;]<div id=\"hero\" class=\"nt-shortcode-hero jarallax section_69e35cf609050 vc_custom_1733319948173 \" data-speed=\"0.7\" data-img-position=\"50% 80%\" data-res-css=\"  .nt-shortcode-hero.section_69e35cf609050 .__title {font-size:36px;}        \"><div class=\"container\"><div class=\"row\"><div class=\"col-12 col-lg-7\"><h1 class=\"__title\"><span>Recettes<\/span> Recettes aux p\u00eaches, cerises et abricots<\/h1><div class=\"shortcode-page-breadcrumbs breadcrumb\"><div class=\"nt-breadcrumbs\"><ul class=\"nt-breadcrumbs-list\"><li class=\"bitem\"><span><a class=\"breadcrumbs__link\" href=\"https:\/\/fruitilisious.eu\/fr\/\"><span>Home<\/span><\/a><\/span><\/li><\/ul><\/div><\/div><\/div><\/div><\/div><\/div>[\/vc_column][\/vc_row][vc_row full_width=&#8221;container-null&#8221;][vc_column agro_disable_column=&#8221;yes&#8221;]<div class=\"section section--dark-bg jarallax section_69e35cf609cc7\" data-speed=\"0.5\" data-img-position=\"50% 80%\" data-res-css=\"             \"><img decoding=\"async\" src=\"https:\/\/fruitilisious.eu\/wp-content\/uploads\/2019\/02\/bg_3.jpg\" class=\"jarallax-img\" alt=\"bg_3.jpg\"><div class=\"container\"><div class=\"row\"><div class=\"col-12 col-md-8 col-lg-6\"><div data-aos=\"fade-left\" data-aos-easing=\"ease-out-quad\" data-aos-duration=\"700\"><h2 class=\"text-white\">FRUITILISIOUS <br><span>CUISONS<\/span><\/h2><p class=\"text-white\">Ce ne sont l\u00e0 que quelques-unes des nombreuses recettes que vous pouvez r\u00e9aliser avec nos produits.<\/p><p><a class=\"custom-btn custom-btn--medium custom-btn--style-4\" href=\"#\">Discover<\/a><\/p><\/div><\/div><\/div><\/div><div class=\"py-4 py-lg-10\"><\/div><\/div>[\/vc_column][\/vc_row][vc_row full_width=&#8221;container-null&#8221;][vc_column agro_disable_column=&#8221;yes&#8221;]<div class=\"section section--no-pt section--gray-bg section_69e35cf60a17c\" data-res-css=\"  \"><div class=\"container\"><div class=\"recipes\"><div class=\"__inner\"><div class=\"row no-gutters\"><div class=\"col-12 col-lg-6\"><div class=\"__item\"><div class=\"row no-gutters align-items-center\"><div class=\"col-12 col-md-6 align-self-md-stretch\"><figure class=\"__image\"><img decoding=\"async\" src=\"https:\/\/fruitilisious.eu\/wp-content\/uploads\/2024\/11\/Salata-me-psita-rodakina-kai-xaloumi-8-large.jpg\" alt=\"Salata-me-psita-rodakina-kai-xaloumi-8-large.jpg\"><\/figure><\/div><div class=\"col-12 col-md-6\"><div class=\"__content\"><h3 class=\"__title h5\"><a href=\"https:\/\/fruitilisious.eu\/2024\/11\/30\/%ce%ba%ce%b1%ce%bb%ce%bf%ce%ba%ce%b1%ce%b9%cf%81%ce%b9%ce%bd%ce%ae-%cf%83%ce%b1%ce%bb%ce%ac%cf%84%ce%b1-%ce%bc%ce%b5-%cf%88%ce%b7%cf%84%ce%ac-%cf%81%ce%bf%ce%b4%ce%ac%ce%ba%ce%b9%ce%bd%ce%b1-%cf%87\/\">Salade d'\u00e9t\u00e9 aux p\u00eaches grill\u00e9es, halloumi et pistaches<\/a><\/h3><\/div><\/div><\/div><\/div><div class=\"__item\"><div class=\"row flex-md-row-reverse no-gutters align-items-center\"><div class=\"col-12 col-md-6 align-self-md-stretch\"><figure class=\"__image\"><img decoding=\"async\" src=\"https:\/\/fruitilisious.eu\/wp-content\/uploads\/2024\/11\/pagwto-rodakino.jpg\" alt=\"pagwto-rodakino.jpg\"><\/figure><\/div><div class=\"col-12 col-md-6\"><div class=\"__content\"><h3 class=\"__title h5\"><a href=\"https:\/\/fruitilisious.eu\/2024\/11\/30\/%cf%83%cf%80%ce%b9%cf%84%ce%b9%ce%ba%cf%8c-%cf%80%ce%b1%ce%b3%cf%89%cf%84%cf%8c-%cf%81%ce%bf%ce%b4%ce%ac%ce%ba%ce%b9%ce%bd%ce%bf\/\">Cr\u00e8me glac\u00e9e \u00e0 la p\u00eache maison<\/a><\/h3><\/div><\/div><\/div><\/div><\/div><div class=\"col-12 col-lg-6\"><div class=\"__item\"><div class=\"row no-gutters align-items-center\"><div class=\"col-12 col-md-6 align-self-md-stretch\"><figure class=\"__image\"><img decoding=\"async\" src=\"https:\/\/fruitilisious.eu\/wp-content\/uploads\/2024\/11\/keik-me-giaourti-kai-kerasia-11.jpg\" alt=\"keik-me-giaourti-kai-kerasia-11.jpg\"><\/figure><\/div><div class=\"col-12 col-md-6\"><div class=\"__content\"><h3 class=\"__title h5\"><a href=\"https:\/\/fruitilisious.eu\/2024\/11\/30\/%ce%ba%ce%ad%ce%b9%ce%ba-%ce%bc%ce%b5-%ce%ba%ce%b5%cf%81%ce%ac%cf%83%ce%b9%ce%b1\/\">Cake aux cerises<\/a><\/h3><\/div><\/div><\/div><\/div><div class=\"__item\"><div class=\"row flex-md-row-reverse no-gutters align-items-center\"><div class=\"col-12 col-md-6 align-self-md-stretch\"><figure class=\"__image\"><img decoding=\"async\" src=\"https:\/\/fruitilisious.eu\/wp-content\/uploads\/2024\/11\/lemonade.jpg\" alt=\"lemonade.jpg\"><\/figure><\/div><div class=\"col-12 col-md-6\"><div class=\"__content\"><h3 class=\"__title h5\"><a href=\"https:\/\/fruitilisious.eu\/2024\/11\/30\/%ce%b4%cf%81%ce%bf%cf%83%ce%b9%cf%83%cf%84%ce%b9%ce%ba%ce%ae-%ce%bb%ce%b5%ce%bc%ce%bf%ce%bd%ce%ac%ce%b4%ce%b1-%ce%bc%ce%b5-%ce%ba%ce%b5%cf%81%ce%ac%cf%83%ce%b9%ce%b1\/\">Limonade rafra\u00eechissante \u00e0 la cerise<\/a><\/h3><\/div><\/div><\/div><\/div><\/div><div class=\"col-12 col-lg-6\"><div class=\"__item\"><div class=\"row no-gutters align-items-center\"><div class=\"col-12 col-md-6 align-self-md-stretch\"><figure class=\"__image\"><img decoding=\"async\" src=\"https:\/\/fruitilisious.eu\/wp-content\/uploads\/2024\/11\/25772522_shutterstock_422441236.jpg\" alt=\"25772522_shutterstock_422441236.jpg\"><\/figure><\/div><div class=\"col-12 col-md-6\"><div class=\"__content\"><h3 class=\"__title h5\"><a href=\"https:\/\/fruitilisious.eu\/2024\/11\/30\/%ce%bb%ce%b9%ce%ba%ce%ad%cf%81-%ce%b2%ce%b5%cf%81%ce%af%ce%ba%ce%bf%ce%ba%ce%bf\/\">Liqueur d\u2019abricot<\/a><\/h3><\/div><\/div><\/div><\/div><div class=\"__item\"><div class=\"row flex-md-row-reverse no-gutters align-items-center\"><div class=\"col-12 col-md-6 align-self-md-stretch\"><\/div><div class=\"col-12 col-md-6\"><div class=\"__content\"><h3 class=\"__title h5\"><a href=\"#\"><\/a><\/h3><\/div><\/div><\/div><\/div><\/div><div class=\"col-12 col-lg-6\"><div class=\"__item\"><div class=\"row no-gutters align-items-center\"><div class=\"col-12 col-md-6 align-self-md-stretch\"><figure class=\"__image\"><img decoding=\"async\" src=\"https:\/\/fruitilisious.eu\/wp-content\/uploads\/2024\/11\/marmelada-verikoko-1.jpg\" alt=\"marmelada-verikoko-1.jpg\"><\/figure><\/div><div class=\"col-12 col-md-6\"><div class=\"__content\"><h3 class=\"__title h5\"><a href=\"https:\/\/fruitilisious.eu\/2024\/11\/30\/%ce%bc%ce%b1%cf%81%ce%bc%ce%b5%ce%bb%ce%ac%ce%b4%ce%b1-%ce%b2%ce%b5%cf%81%ce%af%ce%ba%ce%bf%ce%ba%ce%bf-%ce%bc%ce%b5-%cf%84%ce%b6%ce%af%ce%bd%cf%84%ce%b6%ce%b5%cf%81\/\">Confiture d\u2019abricot au gingembre<\/a><\/h3><\/div><\/div><\/div><\/div><div class=\"__item\"><div class=\"row flex-md-row-reverse no-gutters align-items-center\"><div class=\"col-12 col-md-6 align-self-md-stretch\"><\/div><div class=\"col-12 col-md-6\"><div class=\"__content\"><h3 class=\"__title h5\"><a href=\"#\"><\/a><\/h3><\/div><\/div><\/div><\/div><\/div><\/div><\/div><\/div><\/div><\/div>[\/vc_column][\/vc_row][vc_row full_width=&#8221;container-stretch&#8221; css=&#8221;.vc_custom_1549793698307{padding-bottom: 124px !important;}&#8221; agro_md_css=&#8221;.vc_custom_1549793698316{padding-bottom: 84px !important;}&#8221; el_class=&#8221;section section&#8211;dark-bg&#8221; agro_sm_css=&#8221;.vc_custom_1549793698317{padding-bottom: 54px !important;}&#8221;][vc_column el_class=&#8221;section-heading&#8211;white&#8221;]<div class=\"section-heading section-heading--center item_69e35cf60b37f\" data-res-css=\"     \" data-aos=\"fade\"><h2 class=\"__title\">GET <span>IN TOUCH<\/span><\/h2><p>\u0398\u03b1 \u03c7\u03b1\u03c1\u03bf\u03cd\u03bc\u03b5 \u03bd\u03b1 \u03b5\u03c0\u03b9\u03ba\u03bf\u03b9\u03bd\u03c9\u03bd\u03ae\u03c3\u03b5\u03c4\u03b5 \u03bc\u03b1\u03b6\u03af \u03bc\u03b1\u03c2.<\/p><\/div>\n<div class=\"wpcf7 no-js\" id=\"wpcf7-f941-o1\" lang=\"el\" dir=\"ltr\" data-wpcf7-id=\"941\">\n<div class=\"screen-reader-response\"><p role=\"status\" aria-live=\"polite\" aria-atomic=\"true\"><\/p> <ul><\/ul><\/div>\n<form action=\"\/fr\/wp-json\/wp\/v2\/pages\/1524#wpcf7-f941-o1\" method=\"post\" class=\"wpcf7-form init\" aria-label=\"\u03a6\u03cc\u03c1\u03bc\u03b1 \u03b5\u03c0\u03b9\u03ba\u03bf\u03b9\u03bd\u03c9\u03bd\u03af\u03b1\u03c2\" novalidate=\"novalidate\" data-status=\"init\">\n<fieldset class=\"hidden-fields-container\"><input type=\"hidden\" name=\"_wpcf7\" value=\"941\" \/><input type=\"hidden\" name=\"_wpcf7_version\" value=\"6.1.4\" \/><input type=\"hidden\" name=\"_wpcf7_locale\" value=\"el\" \/><input type=\"hidden\" name=\"_wpcf7_unit_tag\" value=\"wpcf7-f941-o1\" \/><input type=\"hidden\" name=\"_wpcf7_container_post\" value=\"0\" \/><input type=\"hidden\" name=\"_wpcf7_posted_data_hash\" value=\"\" \/>\n<\/fieldset>\n<div class=\"contact-form js-contact-form\" data-aos=\"fade\">\n\t<div class=\"row\">\n\t\t<div class=\"col-12 col-md-6\">\n\t\t\t<div class=\"input-wrp\">\n\t\t\t\t<p><span class=\"wpcf7-form-control-wrap\" data-name=\"text-787\"><input size=\"40\" maxlength=\"400\" class=\"wpcf7-form-control wpcf7-text wpcf7-validates-as-required textfield\" aria-required=\"true\" aria-invalid=\"false\" placeholder=\"Name\" value=\"\" type=\"text\" name=\"text-787\" \/><\/span>\n\t\t\t\t<\/p>\n\t\t\t<\/div>\n\t\t<\/div>\n\t\t<div class=\"col-12 col-md-6\">\n\t\t\t<div class=\"input-wrp\">\n\t\t\t\t<p><span class=\"wpcf7-form-control-wrap\" data-name=\"text-787\"><input size=\"40\" maxlength=\"400\" class=\"wpcf7-form-control wpcf7-text wpcf7-validates-as-required textfield\" aria-required=\"true\" aria-invalid=\"false\" placeholder=\"E-mail\" value=\"\" type=\"text\" name=\"text-787\" \/><\/span>\n\t\t\t\t<\/p>\n\t\t\t<\/div>\n\t\t<\/div>\n\t<\/div>\n\t<div class=\"input-wrp\">\n\t\t<p><span class=\"wpcf7-form-control-wrap\" data-name=\"textarea-212\"><textarea cols=\"10\" rows=\"2\" maxlength=\"2000\" class=\"wpcf7-form-control wpcf7-textarea wpcf7-validates-as-required textfield\" aria-required=\"true\" aria-invalid=\"false\" placeholder=\"Comments\" name=\"textarea-212\"><\/textarea><\/span>\n\t\t<\/p>\n\t<\/div>\n\t<p><input class=\"wpcf7-form-control wpcf7-submit has-spinner custom-btn custom-btn--medium custom-btn--style-3 wide\" type=\"submit\" value=\"Send\" \/>\n\t<\/p>\n<\/div><input type='hidden' class='wpcf7-pum' value='{\"closepopup\":false,\"closedelay\":0,\"openpopup\":false,\"openpopup_id\":0}' \/><div class=\"wpcf7-response-output\" aria-hidden=\"true\"><\/div>\n<\/form>\n<\/div>\n[\/vc_column][\/vc_row][vc_row full_width=&#8221;stretch_row_content_no_spaces&#8221;][vc_column]<div class=\"section section--no-pt section--no-pb\" style=\"min-height: 255px\"><div class=\"g_map\" data-zoom=\"7\" data-api-key=\"AIzaSyDyTSRJAk6Tl-h92TTuTVWKDQHQL3EoKTY\" data-longitude=\"40.8020872\" data-latitude=\"22.4165243\" data-marker=\"https:\/\/fruitilisious.eu\/wp-content\/uploads\/2024\/11\/089f55851068abd97cdad68e9baf2292-2.png\" style=\"min-height: 255px\"><\/div><\/div>[\/vc_column][\/vc_row][vc_row full_width=&#8221;stretch_row_content_no_spaces&#8221;][vc_column][vc_single_image image=&#8221;1705&#8243; img_size=&#8221;full&#8221; alignment=&#8221;center&#8221; css=&#8221;&#8221;][\/vc_column][\/vc_row]\n<\/div>","protected":false},"excerpt":{"rendered":"<p>[vc_row full_width=&#8221;container-null&#8221; el_class=&#8221;fl-ju-end&#8221;][vc_column agro_disable_column=&#8221;yes&#8221; offset=&#8221;vc_col-lg-12 vc_col-md-12 vc_col-xs-12&#8243;][\/vc_column][\/vc_row][vc_row full_width=&#8221;container-null&#8221;][vc_column agro_disable_column=&#8221;yes&#8221;][\/vc_column][\/vc_row][vc_row full_width=&#8221;container-null&#8221;][vc_column agro_disable_column=&#8221;yes&#8221;][\/vc_column][\/vc_row][vc_row full_width=&#8221;container-stretch&#8221; css=&#8221;.vc_custom_1549793698307{padding-bottom: 124px !important;}&#8221; agro_md_css=&#8221;.vc_custom_1549793698316{padding-bottom: 84px !important;}&#8221; el_class=&#8221;section section&#8211;dark-bg&#8221; agro_sm_css=&#8221;.vc_custom_1549793698317{padding-bottom: 54px !important;}&#8221;][vc_column el_class=&#8221;section-heading&#8211;white&#8221;][\/vc_column][\/vc_row][vc_row full_width=&#8221;stretch_row_content_no_spaces&#8221;][vc_column][\/vc_column][\/vc_row][vc_row full_width=&#8221;stretch_row_content_no_spaces&#8221;][vc_column][vc_single_image image=&#8221;1705&#8243; img_size=&#8221;full&#8221; alignment=&#8221;center&#8221; css=&#8221;&#8221;][\/vc_column][\/vc_row]<\/p>\n","protected":false},"author":1,"featured_media":0,"parent":0,"menu_order":0,"comment_status":"closed","ping_status":"closed","template":"custom-page.php","meta":{"footnotes":""},"class_list":["post-1524","page","type-page","status-publish","hentry"," nt-post-class"],"_links":{"self":[{"href":"https:\/\/fruitilisious.eu\/fr\/wp-json\/wp\/v2\/pages\/1524","targetHints":{"allow":["GET"]}}],"collection":[{"href":"https:\/\/fruitilisious.eu\/fr\/wp-json\/wp\/v2\/pages"}],"about":[{"href":"https:\/\/fruitilisious.eu\/fr\/wp-json\/wp\/v2\/types\/page"}],"author":[{"embeddable":true,"href":"https:\/\/fruitilisious.eu\/fr\/wp-json\/wp\/v2\/users\/1"}],"replies":[{"embeddable":true,"href":"https:\/\/fruitilisious.eu\/fr\/wp-json\/wp\/v2\/comments?post=1524"}],"version-history":[{"count":5,"href":"https:\/\/fruitilisious.eu\/fr\/wp-json\/wp\/v2\/pages\/1524\/revisions"}],"predecessor-version":[{"id":1557,"href":"https:\/\/fruitilisious.eu\/fr\/wp-json\/wp\/v2\/pages\/1524\/revisions\/1557"}],"wp:attachment":[{"href":"https:\/\/fruitilisious.eu\/fr\/wp-json\/wp\/v2\/media?parent=1524"}],"curies":[{"name":"wp","href":"https:\/\/api.w.org\/{rel}","templated":true}]}}