{"id":1475,"date":"2019-02-06T05:04:28","date_gmt":"2019-02-06T05:04:28","guid":{"rendered":"https:\/\/fruitilisious.eu\/?page_id=1475"},"modified":"2024-12-05T12:42:08","modified_gmt":"2024-12-05T12:42:08","slug":"nos-produits","status":"publish","type":"page","link":"https:\/\/fruitilisious.eu\/fr\/nos-produits\/","title":{"rendered":"Nos Produits"},"content":{"rendered":"<div class=\"wpb-content-wrapper\">[vc_row full_width=&#8221;container-null&#8221; el_class=&#8221;fl-ju-end&#8221;][vc_column agro_disable_column=&#8221;yes&#8221; offset=&#8221;vc_col-lg-12 vc_col-md-12 vc_col-xs-12&#8243;]<div id=\"hero\" class=\"nt-shortcode-hero jarallax section_69e356c156f61 vc_custom_1732976429899 \" data-speed=\"0.7\" data-img-position=\"50% 80%\" data-res-css=\"  .nt-shortcode-hero.section_69e356c156f61 .__title {font-size:36px;}        \"><div class=\"container\"><div class=\"row\"><div class=\"col-12 col-lg-7\"><h1 class=\"__title\"><span>NOS PRODUITS<\/span> P\u00eaches, Cerises, Abricots<\/h1><div class=\"shortcode-page-breadcrumbs breadcrumb\"><div class=\"nt-breadcrumbs\"><ul class=\"nt-breadcrumbs-list\"><li class=\"bitem\"><span><a class=\"breadcrumbs__link\" href=\"https:\/\/fruitilisious.eu\/fr\/\"><span>Home<\/span><\/a><\/span><\/li><\/ul><\/div><\/div><\/div><\/div><\/div><\/div>[\/vc_column][\/vc_row][vc_row full_width=&#8221;container-null&#8221;][vc_column agro_disable_column=&#8221;yes&#8221;]<div class=\"section\"><div class=\"container-fluid\"><div class=\"product-features\"><div class=\"__item item_69e356c157bfa\" data-res-css=\"   \"><div class=\"__inner\"><div class=\"row justify-content-sm-center\"><div class=\"col-12 col-md-9 col-lg-6\"><div class=\"__content\"><h3 class=\"__title\">P\u00eaches <span><\/span><\/h3><div><p>La p\u00eache est un fruit \u00e0 noyau originaire de la r\u00e9gion du nord-ouest de la Chine. La culture du p\u00eacher s\u2019est r\u00e9pandue dans les pays m\u00e9diterran\u00e9ens, puis en Am\u00e9rique et en Australie, faisant de la p\u00eache l\u2019un des fruits d\u2019\u00e9t\u00e9 les plus appr\u00e9ci\u00e9s au monde. Les plus grands producteurs de p\u00eaches d\u2019Europe sont l\u2019Espagne, l\u2019Italie et la Gr\u00e8ce. Le fruit du p\u00eacher est sph\u00e9rique ou ovale, avec une chair dans les tons de jaune, de rouge ou de blanc. La peau est soit velout\u00e9e soit lisse (nectarines), selon la vari\u00e9t\u00e9. Les p\u00eaches sont juteuses, avec un ar\u00f4me intense et un go\u00fbt caract\u00e9ristique. Leur r\u00e9colte a lieu de la fin du printemps \u00e0 la fin septembre et elles peuvent \u00eatre conserv\u00e9es au r\u00e9frig\u00e9rateur pendant environ deux semaines. Elles peuvent \u00eatre consomm\u00e9es crues ou utilis\u00e9es comme mati\u00e8re premi\u00e8re pour une vari\u00e9t\u00e9 de produits tels que des confitures, des compotes, des jus et des p\u00e2tisseries.<\/p>\n<\/div><\/div><\/div><div class=\"col-12 col-md-9 col-lg-6\"><div class=\"__image\"><img decoding=\"async\" src=\"https:\/\/fruitilisious.eu\/wp-content\/uploads\/2024\/11\/17515.jpg\" class=\"img-fluid\" alt=\"17515.jpg\"><\/div><\/div><\/div><\/div><\/div><div class=\"__item item_69e356c15804b\" data-res-css=\"   \"><div class=\"__inner\"><div class=\"row justify-content-sm-center\"><div class=\"col-12 col-md-9 col-lg-6\"><div class=\"__content\"><h3 class=\"__title\">Cerises <span><\/span><\/h3><div><p>La couleur vive des cerises ainsi que leur go\u00fbt unique ont rapidement suscit\u00e9 l\u2019int\u00e9r\u00eat des Romains, des Grecs et des Chinois, rendant ce fruit particuli\u00e8rement populaire dans le monde entier depuis l\u2019Antiquit\u00e9, bien que son origine exacte n\u2019ait jamais \u00e9t\u00e9 vraiment d\u00e9termin\u00e9e. Les cerisiers en fleurs du Japon, connus sous le nom de \u00ab\u00a0Sakura\u00a0\u00bb, sont un symbole du pays et une attraction c\u00e9l\u00e8bre qui attire de nombreux touristes, en particulier au printemps, qui est leur saison de floraison. En Europe, les pays o\u00f9 la production de cerises est la plus importante sont l\u2019Espagne, l\u2019Italie et la Gr\u00e8ce. Les cerises sont croquantes, dot\u00e9es de tons rouges et d\u2019une peau fine comestible. Leur noyau central n\u2019est pas consommable. Leur p\u00e9riode de consommation d\u00e9bute d\u00e8s la fin du printemps et leur dur\u00e9e de conservation est courte et n\u00e9cessite une r\u00e9frig\u00e9ration. Les cerises sont faciles \u00e0 consommer, n\u00e9cessitant uniquement d\u2019\u00eatre lav\u00e9es et d\u00e9noyaut\u00e9es. Elles sont souvent utilis\u00e9es en confiserie pour des produits tels que des tartes, des g\u00e2teaux, des confitures et des glaces, et peuvent \u00eatre \u00e9galement transform\u00e9es en jus, boissons gazeuses et boissons alcoolis\u00e9es (liqueurs, par exemple).<\/p>\n<\/div><\/div><\/div><div class=\"col-12 col-md-9 col-lg-6\"><div class=\"__image\"><img decoding=\"async\" src=\"https:\/\/fruitilisious.eu\/wp-content\/uploads\/2024\/11\/7028.jpg\" class=\"img-fluid\" alt=\"7028.jpg\"><\/div><\/div><\/div><\/div><\/div><div class=\"__item item_69e356c158447\" data-res-css=\"   \"><div class=\"__inner\"><div class=\"row justify-content-sm-center\"><div class=\"col-12 col-md-9 col-lg-6\"><div class=\"__content\"><h3 class=\"__title\">Abricots : <span><\/span><\/h3><div><p>L\u2019abricotier prosp\u00e8re sans exigences strictes en mati\u00e8re de temp\u00e9rature, de sol et de climat, ce qui lui permet d\u2019\u00eatre cultiv\u00e9 et consomm\u00e9 dans de nombreuses r\u00e9gions du monde, bien qu\u2019il soit originaire d\u2019Asie centrale. En Europe, une production importante est r\u00e9alis\u00e9e en Italie, en Espagne et en Russie. L\u2019abricot est un fruit sph\u00e9rique de couleur orange, \u00e0 chair dense, dot\u00e9 d\u2019un noyau et d\u2019une saveur sucr\u00e9e, surtout lorsqu\u2019il est bien m\u00fbr. Sa peau est fine, g\u00e9n\u00e9ralement duveteuse, et pr\u00e9sente souvent des taches rouges. Les meilleurs mois pour r\u00e9colter les abricots sont de mai \u00e0 ao\u00fbt, et ils sont g\u00e9n\u00e9ralement consomm\u00e9s frais. Ils sont \u00e9galement couramment utilis\u00e9s pour la pr\u00e9paration de confitures, de compotes et de jus. Les abricots secs sont en outre une collation tr\u00e8s populaire.<\/p>\n<\/div><\/div><\/div><div class=\"col-12 col-md-9 col-lg-6\"><div class=\"__image\"><img decoding=\"async\" src=\"https:\/\/fruitilisious.eu\/wp-content\/uploads\/2024\/11\/10486.jpg\" class=\"img-fluid\" alt=\"10486.jpg\"><\/div><\/div><\/div><\/div><\/div><\/div><\/div><\/div>[\/vc_column][\/vc_row][vc_row full_width=&#8221;container-stretch&#8221; css=&#8221;.vc_custom_1549793698307{padding-bottom: 124px !important;}&#8221; agro_md_css=&#8221;.vc_custom_1549793698316{padding-bottom: 84px !important;}&#8221; el_class=&#8221;section section&#8211;dark-bg&#8221; agro_sm_css=&#8221;.vc_custom_1549793698317{padding-bottom: 54px !important;}&#8221;][vc_column el_class=&#8221;section-heading&#8211;white&#8221;]<div class=\"section-heading section-heading--center item_69e356c158858\" data-res-css=\"     \" data-aos=\"fade\"><h2 class=\"__title\">GET <span>IN TOUCH<\/span><\/h2><p>Nous serons heureux si vous nous contactez.<\/p><\/div>\n<div class=\"wpcf7 no-js\" id=\"wpcf7-f941-o1\" lang=\"el\" dir=\"ltr\" data-wpcf7-id=\"941\">\n<div class=\"screen-reader-response\"><p role=\"status\" aria-live=\"polite\" aria-atomic=\"true\"><\/p> <ul><\/ul><\/div>\n<form action=\"\/fr\/wp-json\/wp\/v2\/pages\/1475#wpcf7-f941-o1\" method=\"post\" class=\"wpcf7-form init\" aria-label=\"\u03a6\u03cc\u03c1\u03bc\u03b1 \u03b5\u03c0\u03b9\u03ba\u03bf\u03b9\u03bd\u03c9\u03bd\u03af\u03b1\u03c2\" novalidate=\"novalidate\" data-status=\"init\">\n<fieldset class=\"hidden-fields-container\"><input type=\"hidden\" name=\"_wpcf7\" value=\"941\" \/><input type=\"hidden\" name=\"_wpcf7_version\" value=\"6.1.4\" \/><input type=\"hidden\" name=\"_wpcf7_locale\" value=\"el\" \/><input type=\"hidden\" name=\"_wpcf7_unit_tag\" value=\"wpcf7-f941-o1\" \/><input type=\"hidden\" name=\"_wpcf7_container_post\" value=\"0\" \/><input type=\"hidden\" name=\"_wpcf7_posted_data_hash\" value=\"\" \/>\n<\/fieldset>\n<div class=\"contact-form js-contact-form\" data-aos=\"fade\">\n\t<div class=\"row\">\n\t\t<div class=\"col-12 col-md-6\">\n\t\t\t<div class=\"input-wrp\">\n\t\t\t\t<p><span class=\"wpcf7-form-control-wrap\" data-name=\"text-787\"><input size=\"40\" maxlength=\"400\" class=\"wpcf7-form-control wpcf7-text wpcf7-validates-as-required textfield\" aria-required=\"true\" aria-invalid=\"false\" placeholder=\"Name\" value=\"\" type=\"text\" name=\"text-787\" \/><\/span>\n\t\t\t\t<\/p>\n\t\t\t<\/div>\n\t\t<\/div>\n\t\t<div class=\"col-12 col-md-6\">\n\t\t\t<div class=\"input-wrp\">\n\t\t\t\t<p><span class=\"wpcf7-form-control-wrap\" data-name=\"text-787\"><input size=\"40\" maxlength=\"400\" class=\"wpcf7-form-control wpcf7-text wpcf7-validates-as-required textfield\" aria-required=\"true\" aria-invalid=\"false\" placeholder=\"E-mail\" value=\"\" type=\"text\" name=\"text-787\" \/><\/span>\n\t\t\t\t<\/p>\n\t\t\t<\/div>\n\t\t<\/div>\n\t<\/div>\n\t<div class=\"input-wrp\">\n\t\t<p><span class=\"wpcf7-form-control-wrap\" data-name=\"textarea-212\"><textarea cols=\"10\" rows=\"2\" maxlength=\"2000\" class=\"wpcf7-form-control wpcf7-textarea wpcf7-validates-as-required textfield\" aria-required=\"true\" aria-invalid=\"false\" placeholder=\"Comments\" name=\"textarea-212\"><\/textarea><\/span>\n\t\t<\/p>\n\t<\/div>\n\t<p><input class=\"wpcf7-form-control wpcf7-submit has-spinner custom-btn custom-btn--medium custom-btn--style-3 wide\" type=\"submit\" value=\"Send\" \/>\n\t<\/p>\n<\/div><input type='hidden' class='wpcf7-pum' value='{\"closepopup\":false,\"closedelay\":0,\"openpopup\":false,\"openpopup_id\":0}' \/><div class=\"wpcf7-response-output\" aria-hidden=\"true\"><\/div>\n<\/form>\n<\/div>\n[\/vc_column][\/vc_row][vc_row full_width=&#8221;stretch_row_content_no_spaces&#8221;][vc_column]<div class=\"section section--no-pt section--no-pb\" style=\"min-height: 255px\"><div class=\"g_map\" data-zoom=\"7\" data-api-key=\"AIzaSyDyTSRJAk6Tl-h92TTuTVWKDQHQL3EoKTY\" data-longitude=\"40.8020872\" data-latitude=\"22.4165243\" data-marker=\"https:\/\/fruitilisious.eu\/wp-content\/uploads\/2024\/11\/089f55851068abd97cdad68e9baf2292-2.png\" style=\"min-height: 255px\"><\/div><\/div>[\/vc_column][\/vc_row][vc_row full_width=&#8221;stretch_row_content_no_spaces&#8221;][vc_column][vc_single_image image=&#8221;1705&#8243; img_size=&#8221;full&#8221; alignment=&#8221;center&#8221; css=&#8221;&#8221;][\/vc_column][\/vc_row]\n<\/div>","protected":false},"excerpt":{"rendered":"<p>[vc_row full_width=&#8221;container-null&#8221; el_class=&#8221;fl-ju-end&#8221;][vc_column agro_disable_column=&#8221;yes&#8221; offset=&#8221;vc_col-lg-12 vc_col-md-12 vc_col-xs-12&#8243;][\/vc_column][\/vc_row][vc_row full_width=&#8221;container-null&#8221;][vc_column agro_disable_column=&#8221;yes&#8221;][\/vc_column][\/vc_row][vc_row full_width=&#8221;container-stretch&#8221; css=&#8221;.vc_custom_1549793698307{padding-bottom: 124px !important;}&#8221; agro_md_css=&#8221;.vc_custom_1549793698316{padding-bottom: 84px !important;}&#8221; el_class=&#8221;section section&#8211;dark-bg&#8221; agro_sm_css=&#8221;.vc_custom_1549793698317{padding-bottom: 54px !important;}&#8221;][vc_column el_class=&#8221;section-heading&#8211;white&#8221;][\/vc_column][\/vc_row][vc_row full_width=&#8221;stretch_row_content_no_spaces&#8221;][vc_column][\/vc_column][\/vc_row][vc_row full_width=&#8221;stretch_row_content_no_spaces&#8221;][vc_column][vc_single_image image=&#8221;1705&#8243; img_size=&#8221;full&#8221; alignment=&#8221;center&#8221; css=&#8221;&#8221;][\/vc_column][\/vc_row]<\/p>\n","protected":false},"author":1,"featured_media":0,"parent":0,"menu_order":0,"comment_status":"closed","ping_status":"closed","template":"custom-page.php","meta":{"footnotes":""},"class_list":["post-1475","page","type-page","status-publish","hentry"," nt-post-class"],"_links":{"self":[{"href":"https:\/\/fruitilisious.eu\/fr\/wp-json\/wp\/v2\/pages\/1475","targetHints":{"allow":["GET"]}}],"collection":[{"href":"https:\/\/fruitilisious.eu\/fr\/wp-json\/wp\/v2\/pages"}],"about":[{"href":"https:\/\/fruitilisious.eu\/fr\/wp-json\/wp\/v2\/types\/page"}],"author":[{"embeddable":true,"href":"https:\/\/fruitilisious.eu\/fr\/wp-json\/wp\/v2\/users\/1"}],"replies":[{"embeddable":true,"href":"https:\/\/fruitilisious.eu\/fr\/wp-json\/wp\/v2\/comments?post=1475"}],"version-history":[{"count":6,"href":"https:\/\/fruitilisious.eu\/fr\/wp-json\/wp\/v2\/pages\/1475\/revisions"}],"predecessor-version":[{"id":1556,"href":"https:\/\/fruitilisious.eu\/fr\/wp-json\/wp\/v2\/pages\/1475\/revisions\/1556"}],"wp:attachment":[{"href":"https:\/\/fruitilisious.eu\/fr\/wp-json\/wp\/v2\/media?parent=1475"}],"curies":[{"name":"wp","href":"https:\/\/api.w.org\/{rel}","templated":true}]}}