{"id":1460,"date":"2019-02-05T07:05:06","date_gmt":"2019-02-05T07:05:06","guid":{"rendered":"https:\/\/fruitilisious.eu\/?page_id=1460"},"modified":"2024-12-05T12:42:24","modified_gmt":"2024-12-05T12:42:24","slug":"a-propos","status":"publish","type":"page","link":"https:\/\/fruitilisious.eu\/fr\/a-propos\/","title":{"rendered":"\u00c0 Propos"},"content":{"rendered":"<div class=\"wpb-content-wrapper\">[vc_row full_width=&#8221;container-null&#8221; el_class=&#8221;fl-ju-end&#8221;][vc_column agro_disable_column=&#8221;yes&#8221; offset=&#8221;vc_col-lg-12 vc_col-md-12 vc_col-xs-12&#8243;]<div id=\"hero\" class=\"nt-shortcode-hero jarallax section_69e5f4792bbd5 vc_custom_1732975323877 \" data-speed=\"0.7\" data-img-position=\"50% 80%\" data-res-css=\"  .nt-shortcode-hero.section_69e5f4792bbd5 .__title {font-size:36px;}        \"><div class=\"container\"><div class=\"row\"><div class=\"col-12 col-lg-7\"><h1 class=\"__title\"><span>\u00c0 PROPOS<\/span> La Coop\u00e9rative agricole de coton de Pella<\/h1><div class=\"shortcode-page-breadcrumbs breadcrumb\"><div class=\"nt-breadcrumbs\"><ul class=\"nt-breadcrumbs-list\"><li class=\"bitem\"><span><a class=\"breadcrumbs__link\" href=\"https:\/\/fruitilisious.eu\/fr\/\"><span>Home<\/span><\/a><\/span><\/li><\/ul><\/div><\/div><\/div><\/div><\/div><\/div>[\/vc_column][\/vc_row][vc_row full_width=&#8221;container-null&#8221; el_id=&#8221;about&#8221;][vc_column agro_disable_column=&#8221;yes&#8221;]<div class=\"section section--no-pb about--1 md-hide-bg item_69e5f4792c7dc vc_custom_1732975376558\" data-res-css=\"              \"><div class=\"container\"><div class=\"section-heading\"><h2 class=\"__title\">\u00c0 PROPOS <span><\/span><\/h2><\/div><div class=\"row\"><div class=\"col-12 col-lg-6 col-xl-8\">La Coop\u00e9rative agricole de coton de Pella a entam\u00e9 son voyage en juillet\u00a02020. Situ\u00e9e au 2e\u00a0kilom\u00e8tre de la route Giannitsa-Edessa, elle est fi\u00e8re de contribuer \u00e0 l\u2019\u00e9conomie agricole locale.<\/p>\n<p>Comptant dix-sept membres actifs et poss\u00e9dant des succursales dans les villages de Damianos et Maniaki, cette coop\u00e9rative combine sa passion des produits agricoles au professionnalisme.<\/p>\n<p>Distribuant chaque ann\u00e9e environ 4\u00a0000\u00a0tonnes de p\u00eaches et 500\u00a0tonnes d\u2019abricots, elles contribuent ainsi \u00e0 offrir des saveurs d\u00e9licieuses et une alimentation saine.<\/p>\n<p>Certifi\u00e9e selon les normes GLOBALGAP et GRASP, elle assure la qualit\u00e9 et la durabilit\u00e9 de ses produits finis. Poursuivant son int\u00e9gration dans la communaut\u00e9 locale, elle partage son amour pour la terre et ses fruits dans un esprit joyeux et frais\u00a0!<\/div><\/div><\/div><\/div>[vc_empty_space height=&#8221;64px&#8221;][\/vc_column][\/vc_row][vc_row full_width=&#8221;container-stretch&#8221; css=&#8221;.vc_custom_1549793698307{padding-bottom: 124px !important;}&#8221; agro_md_css=&#8221;.vc_custom_1549793698316{padding-bottom: 84px !important;}&#8221; el_class=&#8221;section section&#8211;dark-bg&#8221; agro_sm_css=&#8221;.vc_custom_1549793698317{padding-bottom: 54px !important;}&#8221;][vc_column el_class=&#8221;section-heading&#8211;white&#8221;]<div class=\"section-heading section-heading--center item_69e5f4792c852\" data-res-css=\"     \" data-aos=\"fade\"><h2 class=\"__title\">GET <span>IN TOUCH<\/span><\/h2><p>Nous serons heureux si vous nous contactez.<\/p><\/div>\n<div class=\"wpcf7 no-js\" id=\"wpcf7-f941-o1\" lang=\"el\" dir=\"ltr\" data-wpcf7-id=\"941\">\n<div class=\"screen-reader-response\"><p role=\"status\" aria-live=\"polite\" aria-atomic=\"true\"><\/p> <ul><\/ul><\/div>\n<form action=\"\/fr\/wp-json\/wp\/v2\/pages\/1460#wpcf7-f941-o1\" method=\"post\" class=\"wpcf7-form init\" aria-label=\"\u03a6\u03cc\u03c1\u03bc\u03b1 \u03b5\u03c0\u03b9\u03ba\u03bf\u03b9\u03bd\u03c9\u03bd\u03af\u03b1\u03c2\" novalidate=\"novalidate\" data-status=\"init\">\n<fieldset class=\"hidden-fields-container\"><input type=\"hidden\" name=\"_wpcf7\" value=\"941\" \/><input type=\"hidden\" name=\"_wpcf7_version\" value=\"6.1.4\" \/><input type=\"hidden\" name=\"_wpcf7_locale\" value=\"el\" \/><input type=\"hidden\" name=\"_wpcf7_unit_tag\" value=\"wpcf7-f941-o1\" \/><input type=\"hidden\" name=\"_wpcf7_container_post\" value=\"0\" \/><input type=\"hidden\" name=\"_wpcf7_posted_data_hash\" value=\"\" \/>\n<\/fieldset>\n<div class=\"contact-form js-contact-form\" data-aos=\"fade\">\n\t<div class=\"row\">\n\t\t<div class=\"col-12 col-md-6\">\n\t\t\t<div class=\"input-wrp\">\n\t\t\t\t<p><span class=\"wpcf7-form-control-wrap\" data-name=\"text-787\"><input size=\"40\" maxlength=\"400\" class=\"wpcf7-form-control wpcf7-text wpcf7-validates-as-required textfield\" aria-required=\"true\" aria-invalid=\"false\" placeholder=\"Name\" value=\"\" type=\"text\" name=\"text-787\" \/><\/span>\n\t\t\t\t<\/p>\n\t\t\t<\/div>\n\t\t<\/div>\n\t\t<div class=\"col-12 col-md-6\">\n\t\t\t<div class=\"input-wrp\">\n\t\t\t\t<p><span class=\"wpcf7-form-control-wrap\" data-name=\"text-787\"><input size=\"40\" maxlength=\"400\" class=\"wpcf7-form-control wpcf7-text wpcf7-validates-as-required textfield\" aria-required=\"true\" aria-invalid=\"false\" placeholder=\"E-mail\" value=\"\" type=\"text\" name=\"text-787\" \/><\/span>\n\t\t\t\t<\/p>\n\t\t\t<\/div>\n\t\t<\/div>\n\t<\/div>\n\t<div class=\"input-wrp\">\n\t\t<p><span class=\"wpcf7-form-control-wrap\" data-name=\"textarea-212\"><textarea cols=\"10\" rows=\"2\" maxlength=\"2000\" class=\"wpcf7-form-control wpcf7-textarea wpcf7-validates-as-required textfield\" aria-required=\"true\" aria-invalid=\"false\" placeholder=\"Comments\" name=\"textarea-212\"><\/textarea><\/span>\n\t\t<\/p>\n\t<\/div>\n\t<p><input class=\"wpcf7-form-control wpcf7-submit has-spinner custom-btn custom-btn--medium custom-btn--style-3 wide\" type=\"submit\" value=\"Send\" \/>\n\t<\/p>\n<\/div><input type='hidden' class='wpcf7-pum' value='{\"closepopup\":false,\"closedelay\":0,\"openpopup\":false,\"openpopup_id\":0}' \/><div class=\"wpcf7-response-output\" aria-hidden=\"true\"><\/div>\n<\/form>\n<\/div>\n[\/vc_column][\/vc_row][vc_row full_width=&#8221;stretch_row_content_no_spaces&#8221;][vc_column]<div class=\"section section--no-pt section--no-pb\" style=\"min-height: 255px\"><div class=\"g_map\" data-zoom=\"7\" data-api-key=\"AIzaSyDyTSRJAk6Tl-h92TTuTVWKDQHQL3EoKTY\" data-longitude=\"40.8020872\" data-latitude=\"22.4165243\" data-marker=\"https:\/\/fruitilisious.eu\/wp-content\/uploads\/2024\/11\/089f55851068abd97cdad68e9baf2292-2.png\" style=\"min-height: 255px\"><\/div><\/div>[\/vc_column][\/vc_row][vc_row full_width=&#8221;stretch_row_content_no_spaces&#8221;][vc_column][vc_single_image image=&#8221;1705&#8243; img_size=&#8221;full&#8221; alignment=&#8221;center&#8221; css=&#8221;&#8221;][\/vc_column][\/vc_row]\n<\/div>","protected":false},"excerpt":{"rendered":"<p>[vc_row full_width=&#8221;container-null&#8221; el_class=&#8221;fl-ju-end&#8221;][vc_column agro_disable_column=&#8221;yes&#8221; offset=&#8221;vc_col-lg-12 vc_col-md-12 vc_col-xs-12&#8243;][\/vc_column][\/vc_row][vc_row full_width=&#8221;container-null&#8221; el_id=&#8221;about&#8221;][vc_column agro_disable_column=&#8221;yes&#8221;][vc_empty_space height=&#8221;64px&#8221;][\/vc_column][\/vc_row][vc_row full_width=&#8221;container-stretch&#8221; css=&#8221;.vc_custom_1549793698307{padding-bottom: 124px !important;}&#8221; agro_md_css=&#8221;.vc_custom_1549793698316{padding-bottom: 84px !important;}&#8221; el_class=&#8221;section section&#8211;dark-bg&#8221; agro_sm_css=&#8221;.vc_custom_1549793698317{padding-bottom: 54px !important;}&#8221;][vc_column el_class=&#8221;section-heading&#8211;white&#8221;][\/vc_column][\/vc_row][vc_row full_width=&#8221;stretch_row_content_no_spaces&#8221;][vc_column][\/vc_column][\/vc_row][vc_row full_width=&#8221;stretch_row_content_no_spaces&#8221;][vc_column][vc_single_image image=&#8221;1705&#8243; img_size=&#8221;full&#8221; alignment=&#8221;center&#8221; css=&#8221;&#8221;][\/vc_column][\/vc_row]<\/p>\n","protected":false},"author":1,"featured_media":0,"parent":0,"menu_order":0,"comment_status":"closed","ping_status":"closed","template":"custom-page.php","meta":{"footnotes":""},"class_list":["post-1460","page","type-page","status-publish","hentry"," nt-post-class"],"_links":{"self":[{"href":"https:\/\/fruitilisious.eu\/fr\/wp-json\/wp\/v2\/pages\/1460","targetHints":{"allow":["GET"]}}],"collection":[{"href":"https:\/\/fruitilisious.eu\/fr\/wp-json\/wp\/v2\/pages"}],"about":[{"href":"https:\/\/fruitilisious.eu\/fr\/wp-json\/wp\/v2\/types\/page"}],"author":[{"embeddable":true,"href":"https:\/\/fruitilisious.eu\/fr\/wp-json\/wp\/v2\/users\/1"}],"replies":[{"embeddable":true,"href":"https:\/\/fruitilisious.eu\/fr\/wp-json\/wp\/v2\/comments?post=1460"}],"version-history":[{"count":4,"href":"https:\/\/fruitilisious.eu\/fr\/wp-json\/wp\/v2\/pages\/1460\/revisions"}],"predecessor-version":[{"id":1558,"href":"https:\/\/fruitilisious.eu\/fr\/wp-json\/wp\/v2\/pages\/1460\/revisions\/1558"}],"wp:attachment":[{"href":"https:\/\/fruitilisious.eu\/fr\/wp-json\/wp\/v2\/media?parent=1460"}],"curies":[{"name":"wp","href":"https:\/\/api.w.org\/{rel}","templated":true}]}}