{"id":1457,"date":"2019-02-03T20:13:12","date_gmt":"2019-02-03T20:13:12","guid":{"rendered":"https:\/\/fruitilisious.eu\/?page_id=1457"},"modified":"2024-12-05T12:41:36","modified_gmt":"2024-12-05T12:41:36","slug":"maison","status":"publish","type":"page","link":"https:\/\/fruitilisious.eu\/fr\/","title":{"rendered":"Maison"},"content":{"rendered":"<div class=\"wpb-content-wrapper\">[vc_row][vc_column]<div id=\"start-screen\" class=\"start-screen start-screen--style-1 item_69f337c5ace0f\" data-scroll-discover=\"true\" data-res-css=\"   \"><div id=\"start-screen__bg\" class=\"start-screen__bg\"><div id=\"vegas-slider\" data-autoplay=\"false\" data-timer=\"false\" data-dots=\"true\" data-duration=\"4000\" data-delay=\"5000\" data-transition=\"['fade', 'zoomOut', 'blur', 'swirlLeft', 'swirlRight']\" data-overlayimg=\"https:\/\/fruitilisious.eu\/wp-content\/themes\/agro\/images\/overlays\/05.png\"><div class=\"vegas-control\"><span id=\"vegas-control__prev\" class=\"vegas-control__btn\">Prev<\/span><span id=\"vegas-control__next\" class=\"vegas-control__btn\">Next<\/span><\/div><\/div><\/div><div id=\"start-screen__content-container\" class=\"start-screen__content-container text-white\"><div class=\"start-screen__content__item start-screen__content__item--1 align-items-center item_69f337c5acf0b\" data-img-src=\"https:\/\/fruitilisious.eu\/wp-content\/uploads\/2024\/11\/FRUITILISIOUS-FB-HOME-PAGE-2000X1000.jpg\" data-mobimg-src=\"\" data-video=\"false\" data-res-css=\"             \"><div class=\"container\"><div class=\"row justify-content-center\"><div class=\"col-12 col-md-10 col-xl-8\"><\/div><\/div><\/div><\/div><\/div><span class=\"scroll-discover\"><\/span><\/div>[\/vc_column][\/vc_row][vc_row full_width=&#8221;container-null&#8221;][vc_column agro_disable_column=&#8221;yes&#8221; el_id=&#8221;about&#8221;]<div class=\"section item_69f337c5ad27f\" data-res-css=\"             \"><div class=\"d-none d-lg-block bg-absolute\"><img decoding=\"async\" src=\"https:\/\/fruitilisious.eu\/wp-content\/uploads\/2024\/11\/12369179_4964855.jpg\" class=\"img-fluid\" alt=\"12369179_4964855.jpg\"><\/div><div class=\"container\"><div class=\"row align-items-center\"><div class=\"col-12 col-lg-4\"><div data-aos=\"fade-left\" data-aos-delay=\"400\" data-aos-offset=\"100\"><div class=\"section-heading\"><h2 class=\"__title\">La Coop\u00e9rative agricole <span>de coton de Pella<\/span><\/h2><\/div><p class=\"d-none d-sm-block\"><a class=\"custom-btn custom-btn--medium custom-btn--style-1\" href=\"\/about\">voir plus<\/a><\/p><\/div><\/div><div class=\"col-12 my-3 d-lg-none\"><\/div><div class=\"col-12 col-lg-4  text-center\"><div data-aos=\"fade-up\" data-aos-delay=\"400\" data-aos-offset=\"100\"><\/div><\/div><div class=\"col-12 my-3 d-lg-none\"><\/div><div class=\"col-12 col-lg-4\"><div data-aos=\"fade-right\" data-aos-delay=\"400\" data-aos-offset=\"100\"><p>La Coop\u00e9rative agricole de coton de Pella a entam\u00e9 son voyage en juillet 2020. Situ\u00e9e au 2e kilom\u00e8tre de la route Giannitsa-Edessa, elle est fi\u00e8re de contribuer \u00e0 l\u2019\u00e9conomie agricole locale. Comptant dix-sept membres actifs et poss\u00e9dant des succursales dans les villages de Damianos et Maniaki, cette coop\u00e9rative combine sa passion des produits agricoles au professionnalisme. Distribuant chaque ann\u00e9e environ 4 000 tonnes de p\u00eaches et 500 tonnes d\u2019abricots, elles contribuent ainsi \u00e0 offrir des saveurs d\u00e9licieuses et une alimentation saine. Certifi\u00e9e selon les normes GLOBALGAP et GRASP, elle assure la qualit\u00e9 et la durabilit\u00e9 de ses produits finis. Poursuivant son int\u00e9gration dans la communaut\u00e9 locale, elle partage son amour pour la terre et ses fruits dans un esprit joyeux et frais !<\/p>\n<p class=\"d-sm-none\"><a class=\"custom-btn custom-btn--medium custom-btn--style-1\" href=\"\/about\">voir plus<\/a><\/p><\/div><\/div><\/div><\/div><\/div>[\/vc_column][\/vc_row][vc_row full_width=&#8221;container-null&#8221;][vc_column agro_disable_column=&#8221;yes&#8221;]<div class=\"section section--no-pt section_69f337c5ae45f\" data-res-css=\"  .section.section_69f337c5ae45f .text {font-size:55px;}\"><div class=\"container\"><div class=\"special-offer special-offer--style-2\" data-aos=\"zoom-in\" data-aos-duration=\"600\" data-aos-offset=\"70\"><h2 class=\"text text-center\"><span style=\"color: #635729\">D\u00e9couvrez les saveurs<\/span> <span style=\"color: #ff6262\">riches et distinctives<\/span> <span style=\"color: #ffbb4c\">de fruits europ\u00e9ens<\/span> <span style=\"color: #fcdb5a\"> haut de gamme<\/span> <\/h2><\/div><\/div><\/div>[\/vc_column][\/vc_row][vc_row full_width=&#8221;container-stretch&#8221;][vc_column]<div class=\"section section_69f337c5ae4c2\" data-res-css=\"     \"><div class=\"container\"><div class=\"section-heading section-heading--center\"><h2 class=\"__title\">LA FRUITILISIOUS <span>c&#039;est un programme europ\u00e9en<\/span><\/h2><p>\u00ab Fruitilisious \u00bb est une campagne de trois ans, financ\u00e9e par l\u2019UE qui vise \u00e0 promouvoir les p\u00eaches, les cerises et les abricots europ\u00e9ens de qualit\u00e9 sup\u00e9rieure sur les march\u00e9s de Gr\u00e8ce et de France.<\/p><\/div><\/div><\/div>[vc_row_inner css=&#8221;.vc_custom_1732890923072{margin-top: 0px !important;padding-top: 0px !important;}&#8221;][vc_column_inner width=&#8221;1\/2&#8243;][vc_single_image image=&#8221;986&#8243; img_size=&#8221;full&#8221; css=&#8221;&#8221;][\/vc_column_inner][vc_column_inner width=&#8221;1\/2&#8243;][vc_single_image image=&#8221;987&#8243; img_size=&#8221;full&#8221; css=&#8221;&#8221;][\/vc_column_inner][\/vc_row_inner][vc_empty_space height=&#8221;82px&#8221;][\/vc_column][\/vc_row][vc_row full_width=&#8221;container-null&#8221;][vc_column agro_disable_column=&#8221;yes&#8221;]<div id=\"start-screen\" class=\"start-screen start-screen--style-2 item_69f337c5ae547\" data-res-css=\".start-screen.start-screen--style-2.item_69f337c5ae547 .__title {font-family:Comfortaa;font-weight:700;font-style:normal}  .start-screen.start-screen--style-2.item_69f337c5ae547 .__title {font-size:13px;}\"><div id=\"start-screen__bg\" class=\"start-screen__bg\" style=\"background-image: url(https:\/\/fruitilisious.eu\/wp-content\/uploads\/2024\/11\/9670.jpg);background-position: 70% 0;\"><\/div><div id=\"start-screen__content-container\" class=\"start-screen__content-container\"><div class=\"start-screen__content__item is-active  align-items-center\"><div class=\"container\"><div class=\"row\"><div class=\"col-12 col-md-6\"><h2 class=\"__title\">NOS PRODUITS<\/h2><\/div><\/div><\/div><\/div><\/div><\/div>[\/vc_column][\/vc_row][vc_row full_width=&#8221;container-null&#8221;][vc_column agro_disable_column=&#8221;yes&#8221;]<div class=\"section section_69f337c5aea3a\" data-res-css=\" \">\n            <div class=\"container-fluid\">\n\n\n                <div class=\"product-promo product-promo--style-2\">\n                    <div class=\"__inner\">\n                        <div class=\"row no-gutters  js-isotope js-isotope_69f337c5aea3b\" data-isotope-options='{\"itemSelector\": \".js-isotope__item\",\"transitionDuration\": \"0.8s\",\"percentPosition\": \"true\",\t\"masonry\": { \"columnWidth\": \".js-isotope__sizer\" }}'>\n                            <div class=\"col-12 col-sm-6 col-md-4  js-isotope__sizer\"><\/div><div class=\"col-12 col-sm-6 col-md-4 js-isotope__item\"><div class=\"__item\" data-y=\"2\"><figure class=\"__image\"><img decoding=\"async\" src=\"https:\/\/fruitilisious.eu\/wp-content\/uploads\/2024\/11\/17515.jpg\" class=\"img-fluid\" alt=\"17515.jpg\"><\/figure><div class=\"__content\"><h3 class=\"__title\">P\u00eaches<\/h3><\/div><\/div><\/div><div class=\"col-12 col-sm-6 col-md-4 js-isotope__item\"><div class=\"__item\" ><figure class=\"__image\"><img decoding=\"async\" src=\"https:\/\/fruitilisious.eu\/wp-content\/uploads\/2024\/11\/7028.jpg\" class=\"img-fluid\" alt=\"7028.jpg\"><\/figure><div class=\"__content\"><h3 class=\"__title\">Cerises<\/h3><\/div><\/div><\/div><div class=\"col-12 col-sm-6 col-md-4 js-isotope__item\"><div class=\"__item\" data-y=\"2\"><figure class=\"__image\"><img decoding=\"async\" src=\"https:\/\/fruitilisious.eu\/wp-content\/uploads\/2024\/11\/front-view-peaches-with-apricots-cherries-bowls.png\" class=\"img-fluid\" alt=\"front-view-peaches-with-apricots-cherries-bowls.png\"><\/figure><div class=\"__content\"><h3 class=\"__title\">Voir  <br><span>TOUT<\/span><\/h3><\/div><a class=\"__link\" href=\"https:\/\/fruitilisious.eu\/products\/\"><\/a><\/div><\/div><div class=\"col-12 col-sm-6 col-md-4 js-isotope__item\"><div class=\"__item\" ><figure class=\"__image\"><img decoding=\"async\" src=\"https:\/\/fruitilisious.eu\/wp-content\/uploads\/2024\/11\/10486.jpg\" class=\"img-fluid\" alt=\"10486.jpg\"><\/figure><div class=\"__content\"><h3 class=\"__title\">Abricots<\/h3><\/div><\/div><\/div><\/div>\n                    <\/div>\n                <\/div>\n            <\/div>\n        <\/div>[\/vc_column][\/vc_row][vc_row full_width=&#8221;container-null&#8221;][vc_column agro_disable_column=&#8221;yes&#8221;]<div class=\"section section--dark-bg jarallax section_69f337c5af65e\" data-speed=\"0.5\" data-img-position=\"50% 80%\" data-res-css=\"             \"><img decoding=\"async\" src=\"https:\/\/fruitilisious.eu\/wp-content\/uploads\/2024\/12\/27771.jpg\" class=\"jarallax-img\" alt=\"27771.jpg\"><div class=\"container\"><div class=\"row\"><div class=\"col-12 col-md-8 col-lg-6\"><div data-aos=\"fade-left\" data-aos-easing=\"ease-out-quad\" data-aos-duration=\"700\"><h2 class=\"text-white\">FRUITILISIOUS <br><span>CUISONS<\/span><\/h2><p class=\"text-white\">Ce ne sont l\u00e0 que quelques-unes des nombreuses recettes que vous pouvez r\u00e9aliser avec nos produits.<\/p><p><a class=\"custom-btn custom-btn--medium custom-btn--style-4\" href=\"#\">Discover<\/a><\/p><\/div><\/div><\/div><\/div><div class=\"py-4 py-lg-10\"><\/div><\/div>[\/vc_column][\/vc_row][vc_row full_width=&#8221;container-null&#8221;][vc_column agro_disable_column=&#8221;yes&#8221;]<div class=\"section section--no-pt section--gray-bg section_69f337c5af9b7\" data-res-css=\"  \"><div class=\"container\"><div class=\"recipes\"><div class=\"__inner\"><div class=\"row no-gutters\"><div class=\"col-12 col-lg-6\"><div class=\"__item\"><div class=\"row no-gutters align-items-center\"><div class=\"col-12 col-md-6 align-self-md-stretch\"><figure class=\"__image\"><img decoding=\"async\" src=\"https:\/\/fruitilisious.eu\/wp-content\/uploads\/2024\/11\/Salata-me-psita-rodakina-kai-xaloumi-8-large.jpg\" alt=\"Salata-me-psita-rodakina-kai-xaloumi-8-large.jpg\"><\/figure><\/div><div class=\"col-12 col-md-6\"><div class=\"__content\"><h3 class=\"__title h5\"><a href=\"https:\/\/fruitilisious.eu\/2024\/11\/30\/%ce%ba%ce%b1%ce%bb%ce%bf%ce%ba%ce%b1%ce%b9%cf%81%ce%b9%ce%bd%ce%ae-%cf%83%ce%b1%ce%bb%ce%ac%cf%84%ce%b1-%ce%bc%ce%b5-%cf%88%ce%b7%cf%84%ce%ac-%cf%81%ce%bf%ce%b4%ce%ac%ce%ba%ce%b9%ce%bd%ce%b1-%cf%87\/\">Salade d'\u00e9t\u00e9 aux p\u00eaches grill\u00e9es, halloumi et pistaches<\/a><\/h3><\/div><\/div><\/div><\/div><div class=\"__item\"><div class=\"row flex-md-row-reverse no-gutters align-items-center\"><div class=\"col-12 col-md-6 align-self-md-stretch\"><figure class=\"__image\"><img decoding=\"async\" src=\"https:\/\/fruitilisious.eu\/wp-content\/uploads\/2024\/11\/pagwto-rodakino.jpg\" alt=\"pagwto-rodakino.jpg\"><\/figure><\/div><div class=\"col-12 col-md-6\"><div class=\"__content\"><h3 class=\"__title h5\"><a href=\"https:\/\/fruitilisious.eu\/2024\/11\/30\/%cf%83%cf%80%ce%b9%cf%84%ce%b9%ce%ba%cf%8c-%cf%80%ce%b1%ce%b3%cf%89%cf%84%cf%8c-%cf%81%ce%bf%ce%b4%ce%ac%ce%ba%ce%b9%ce%bd%ce%bf\/\">Cr\u00e8me glac\u00e9e \u00e0 la p\u00eache maison<\/a><\/h3><\/div><\/div><\/div><\/div><\/div><div class=\"col-12 col-lg-6\"><div class=\"__item\"><div class=\"row no-gutters align-items-center\"><div class=\"col-12 col-md-6 align-self-md-stretch\"><figure class=\"__image\"><img decoding=\"async\" src=\"https:\/\/fruitilisious.eu\/wp-content\/uploads\/2024\/11\/keik-me-giaourti-kai-kerasia-11.jpg\" alt=\"keik-me-giaourti-kai-kerasia-11.jpg\"><\/figure><\/div><div class=\"col-12 col-md-6\"><div class=\"__content\"><h3 class=\"__title h5\"><a href=\"https:\/\/fruitilisious.eu\/2024\/11\/30\/%ce%ba%ce%ad%ce%b9%ce%ba-%ce%bc%ce%b5-%ce%ba%ce%b5%cf%81%ce%ac%cf%83%ce%b9%ce%b1\/\">Cake aux cerises<\/a><\/h3><\/div><\/div><\/div><\/div><div class=\"__item\"><div class=\"row flex-md-row-reverse no-gutters align-items-center\"><div class=\"col-12 col-md-6 align-self-md-stretch\"><figure class=\"__image\"><img decoding=\"async\" src=\"https:\/\/fruitilisious.eu\/wp-content\/uploads\/2024\/11\/lemonade.jpg\" alt=\"lemonade.jpg\"><\/figure><\/div><div class=\"col-12 col-md-6\"><div class=\"__content\"><h3 class=\"__title h5\"><a href=\"https:\/\/fruitilisious.eu\/2024\/11\/30\/%ce%b4%cf%81%ce%bf%cf%83%ce%b9%cf%83%cf%84%ce%b9%ce%ba%ce%ae-%ce%bb%ce%b5%ce%bc%ce%bf%ce%bd%ce%ac%ce%b4%ce%b1-%ce%bc%ce%b5-%ce%ba%ce%b5%cf%81%ce%ac%cf%83%ce%b9%ce%b1\/\">Limonade rafra\u00eechissante \u00e0 la cerise<\/a><\/h3><\/div><\/div><\/div><\/div><\/div><div class=\"col-12 col-lg-6\"><div class=\"__item\"><div class=\"row no-gutters align-items-center\"><div class=\"col-12 col-md-6 align-self-md-stretch\"><figure class=\"__image\"><img decoding=\"async\" src=\"https:\/\/fruitilisious.eu\/wp-content\/uploads\/2024\/11\/25772522_shutterstock_422441236.jpg\" alt=\"25772522_shutterstock_422441236.jpg\"><\/figure><\/div><div class=\"col-12 col-md-6\"><div class=\"__content\"><h3 class=\"__title h5\"><a href=\"https:\/\/fruitilisious.eu\/2024\/11\/30\/%ce%bb%ce%b9%ce%ba%ce%ad%cf%81-%ce%b2%ce%b5%cf%81%ce%af%ce%ba%ce%bf%ce%ba%ce%bf\/\">Liqueur d\u2019abricot<\/a><\/h3><\/div><\/div><\/div><\/div><div class=\"__item\"><div class=\"row flex-md-row-reverse no-gutters align-items-center\"><div class=\"col-12 col-md-6 align-self-md-stretch\"><\/div><div class=\"col-12 col-md-6\"><div class=\"__content\"><h3 class=\"__title h5\"><a href=\"#\"><\/a><\/h3><\/div><\/div><\/div><\/div><\/div><div class=\"col-12 col-lg-6\"><div class=\"__item\"><div class=\"row no-gutters align-items-center\"><div class=\"col-12 col-md-6 align-self-md-stretch\"><figure class=\"__image\"><img decoding=\"async\" src=\"https:\/\/fruitilisious.eu\/wp-content\/uploads\/2024\/11\/marmelada-verikoko-1.jpg\" alt=\"marmelada-verikoko-1.jpg\"><\/figure><\/div><div class=\"col-12 col-md-6\"><div class=\"__content\"><h3 class=\"__title h5\"><a href=\"https:\/\/fruitilisious.eu\/2024\/11\/30\/%ce%bc%ce%b1%cf%81%ce%bc%ce%b5%ce%bb%ce%ac%ce%b4%ce%b1-%ce%b2%ce%b5%cf%81%ce%af%ce%ba%ce%bf%ce%ba%ce%bf-%ce%bc%ce%b5-%cf%84%ce%b6%ce%af%ce%bd%cf%84%ce%b6%ce%b5%cf%81\/\">Confiture d\u2019abricot au gingembre<\/a><\/h3><\/div><\/div><\/div><\/div><div class=\"__item\"><div class=\"row flex-md-row-reverse no-gutters align-items-center\"><div class=\"col-12 col-md-6 align-self-md-stretch\"><\/div><div class=\"col-12 col-md-6\"><div class=\"__content\"><h3 class=\"__title h5\"><a href=\"#\"><\/a><\/h3><\/div><\/div><\/div><\/div><\/div><\/div><\/div><\/div><\/div><\/div>[\/vc_column][\/vc_row][vc_row full_width=&#8221;container-stretch&#8221; css=&#8221;.vc_custom_1549793698307{padding-bottom: 124px !important;}&#8221; agro_md_css=&#8221;.vc_custom_1549793698316{padding-bottom: 84px !important;}&#8221; el_class=&#8221;section section&#8211;dark-bg&#8221; agro_sm_css=&#8221;.vc_custom_1549793698317{padding-bottom: 54px !important;}&#8221;][vc_column el_class=&#8221;section-heading&#8211;white&#8221;]<div class=\"section-heading section-heading--center item_69f337c5b0a60\" data-res-css=\"     \" data-aos=\"fade\"><h2 class=\"__title\">GET <span>IN TOUCH<\/span><\/h2><p>Nous serons heureux si vous nous contactez.<\/p><\/div>\n<div class=\"wpcf7 no-js\" id=\"wpcf7-f941-o1\" lang=\"el\" dir=\"ltr\" data-wpcf7-id=\"941\">\n<div class=\"screen-reader-response\"><p role=\"status\" aria-live=\"polite\" aria-atomic=\"true\"><\/p> <ul><\/ul><\/div>\n<form action=\"\/fr\/wp-json\/wp\/v2\/pages\/1457#wpcf7-f941-o1\" method=\"post\" class=\"wpcf7-form init\" aria-label=\"\u03a6\u03cc\u03c1\u03bc\u03b1 \u03b5\u03c0\u03b9\u03ba\u03bf\u03b9\u03bd\u03c9\u03bd\u03af\u03b1\u03c2\" novalidate=\"novalidate\" data-status=\"init\">\n<fieldset class=\"hidden-fields-container\"><input type=\"hidden\" name=\"_wpcf7\" value=\"941\" \/><input type=\"hidden\" name=\"_wpcf7_version\" value=\"6.1.4\" \/><input type=\"hidden\" name=\"_wpcf7_locale\" value=\"el\" \/><input type=\"hidden\" name=\"_wpcf7_unit_tag\" value=\"wpcf7-f941-o1\" \/><input type=\"hidden\" name=\"_wpcf7_container_post\" value=\"0\" \/><input type=\"hidden\" name=\"_wpcf7_posted_data_hash\" value=\"\" \/>\n<\/fieldset>\n<div class=\"contact-form js-contact-form\" data-aos=\"fade\">\n\t<div class=\"row\">\n\t\t<div class=\"col-12 col-md-6\">\n\t\t\t<div class=\"input-wrp\">\n\t\t\t\t<p><span class=\"wpcf7-form-control-wrap\" data-name=\"text-787\"><input size=\"40\" maxlength=\"400\" class=\"wpcf7-form-control wpcf7-text wpcf7-validates-as-required textfield\" aria-required=\"true\" aria-invalid=\"false\" placeholder=\"Name\" value=\"\" type=\"text\" name=\"text-787\" \/><\/span>\n\t\t\t\t<\/p>\n\t\t\t<\/div>\n\t\t<\/div>\n\t\t<div class=\"col-12 col-md-6\">\n\t\t\t<div class=\"input-wrp\">\n\t\t\t\t<p><span class=\"wpcf7-form-control-wrap\" data-name=\"text-787\"><input size=\"40\" maxlength=\"400\" class=\"wpcf7-form-control wpcf7-text wpcf7-validates-as-required textfield\" aria-required=\"true\" aria-invalid=\"false\" placeholder=\"E-mail\" value=\"\" type=\"text\" name=\"text-787\" \/><\/span>\n\t\t\t\t<\/p>\n\t\t\t<\/div>\n\t\t<\/div>\n\t<\/div>\n\t<div class=\"input-wrp\">\n\t\t<p><span class=\"wpcf7-form-control-wrap\" data-name=\"textarea-212\"><textarea cols=\"10\" rows=\"2\" maxlength=\"2000\" class=\"wpcf7-form-control wpcf7-textarea wpcf7-validates-as-required textfield\" aria-required=\"true\" aria-invalid=\"false\" placeholder=\"Comments\" name=\"textarea-212\"><\/textarea><\/span>\n\t\t<\/p>\n\t<\/div>\n\t<p><input class=\"wpcf7-form-control wpcf7-submit has-spinner custom-btn custom-btn--medium custom-btn--style-3 wide\" type=\"submit\" value=\"Send\" \/>\n\t<\/p>\n<\/div><input type='hidden' class='wpcf7-pum' value='{\"closepopup\":false,\"closedelay\":0,\"openpopup\":false,\"openpopup_id\":0}' \/><div class=\"wpcf7-response-output\" aria-hidden=\"true\"><\/div>\n<\/form>\n<\/div>\n[\/vc_column][\/vc_row][vc_row full_width=&#8221;stretch_row_content_no_spaces&#8221;][vc_column]<div class=\"section section--no-pt section--no-pb\" style=\"min-height: 255px\"><div class=\"g_map\" data-zoom=\"7\" data-api-key=\"AIzaSyDyTSRJAk6Tl-h92TTuTVWKDQHQL3EoKTY\" data-longitude=\"40.8020872\" data-latitude=\"22.4165243\" data-marker=\"https:\/\/fruitilisious.eu\/wp-content\/uploads\/2024\/11\/089f55851068abd97cdad68e9baf2292-2.png\" style=\"min-height: 255px\"><\/div><\/div>[\/vc_column][\/vc_row][vc_row full_width=&#8221;stretch_row_content_no_spaces&#8221;][vc_column][vc_single_image image=&#8221;1705&#8243; img_size=&#8221;full&#8221; alignment=&#8221;center&#8221; css=&#8221;&#8221;][\/vc_column][\/vc_row]\n<\/div>","protected":false},"excerpt":{"rendered":"<p>[vc_row][vc_column][\/vc_column][\/vc_row][vc_row full_width=&#8221;container-null&#8221;][vc_column agro_disable_column=&#8221;yes&#8221; el_id=&#8221;about&#8221;][\/vc_column][\/vc_row][vc_row full_width=&#8221;container-null&#8221;][vc_column agro_disable_column=&#8221;yes&#8221;][\/vc_column][\/vc_row][vc_row full_width=&#8221;container-stretch&#8221;][vc_column][vc_row_inner css=&#8221;.vc_custom_1732890923072{margin-top: 0px !important;padding-top: 0px !important;}&#8221;][vc_column_inner width=&#8221;1\/2&#8243;][vc_single_image image=&#8221;986&#8243; img_size=&#8221;full&#8221; css=&#8221;&#8221;][\/vc_column_inner][vc_column_inner width=&#8221;1\/2&#8243;][vc_single_image image=&#8221;987&#8243; img_size=&#8221;full&#8221; css=&#8221;&#8221;][\/vc_column_inner][\/vc_row_inner][vc_empty_space height=&#8221;82px&#8221;][\/vc_column][\/vc_row][vc_row full_width=&#8221;container-null&#8221;][vc_column agro_disable_column=&#8221;yes&#8221;][\/vc_column][\/vc_row][vc_row full_width=&#8221;container-null&#8221;][vc_column agro_disable_column=&#8221;yes&#8221;][\/vc_column][\/vc_row][vc_row full_width=&#8221;container-null&#8221;][vc_column agro_disable_column=&#8221;yes&#8221;][\/vc_column][\/vc_row][vc_row full_width=&#8221;container-null&#8221;][vc_column agro_disable_column=&#8221;yes&#8221;][\/vc_column][\/vc_row][vc_row full_width=&#8221;container-stretch&#8221; css=&#8221;.vc_custom_1549793698307{padding-bottom: 124px !important;}&#8221; agro_md_css=&#8221;.vc_custom_1549793698316{padding-bottom: 84px !important;}&#8221; el_class=&#8221;section section&#8211;dark-bg&#8221; agro_sm_css=&#8221;.vc_custom_1549793698317{padding-bottom: 54px !important;}&#8221;][vc_column el_class=&#8221;section-heading&#8211;white&#8221;][\/vc_column][\/vc_row][vc_row full_width=&#8221;stretch_row_content_no_spaces&#8221;][vc_column][\/vc_column][\/vc_row][vc_row full_width=&#8221;stretch_row_content_no_spaces&#8221;][vc_column][vc_single_image image=&#8221;1705&#8243; img_size=&#8221;full&#8221; alignment=&#8221;center&#8221; css=&#8221;&#8221;][\/vc_column][\/vc_row]<\/p>\n","protected":false},"author":1,"featured_media":0,"parent":0,"menu_order":0,"comment_status":"closed","ping_status":"closed","template":"custom-page.php","meta":{"footnotes":""},"class_list":["post-1457","page","type-page","status-publish","hentry"," nt-post-class"],"_links":{"self":[{"href":"https:\/\/fruitilisious.eu\/fr\/wp-json\/wp\/v2\/pages\/1457","targetHints":{"allow":["GET"]}}],"collection":[{"href":"https:\/\/fruitilisious.eu\/fr\/wp-json\/wp\/v2\/pages"}],"about":[{"href":"https:\/\/fruitilisious.eu\/fr\/wp-json\/wp\/v2\/types\/page"}],"author":[{"embeddable":true,"href":"https:\/\/fruitilisious.eu\/fr\/wp-json\/wp\/v2\/users\/1"}],"replies":[{"embeddable":true,"href":"https:\/\/fruitilisious.eu\/fr\/wp-json\/wp\/v2\/comments?post=1457"}],"version-history":[{"count":8,"href":"https:\/\/fruitilisious.eu\/fr\/wp-json\/wp\/v2\/pages\/1457\/revisions"}],"predecessor-version":[{"id":1466,"href":"https:\/\/fruitilisious.eu\/fr\/wp-json\/wp\/v2\/pages\/1457\/revisions\/1466"}],"wp:attachment":[{"href":"https:\/\/fruitilisious.eu\/fr\/wp-json\/wp\/v2\/media?parent=1457"}],"curies":[{"name":"wp","href":"https:\/\/api.w.org\/{rel}","templated":true}]}}