{"id":1453,"date":"2019-02-05T09:56:02","date_gmt":"2019-02-05T09:56:02","guid":{"rendered":"https:\/\/fruitilisious.eu\/?page_id=1453"},"modified":"2024-12-05T12:41:50","modified_gmt":"2024-12-05T12:41:50","slug":"europe-securite-et-qualite","status":"publish","type":"page","link":"https:\/\/fruitilisious.eu\/fr\/europe-securite-et-qualite\/","title":{"rendered":"Europe\u00a0: S\u00e9curit\u00e9 et qualit\u00e9"},"content":{"rendered":"<div class=\"wpb-content-wrapper\">[vc_row full_width=&#8221;container-null&#8221; el_class=&#8221;fl-ju-end&#8221;][vc_column agro_disable_column=&#8221;yes&#8221; offset=&#8221;vc_col-lg-12 vc_col-md-12 vc_col-xs-12&#8243;]<div id=\"hero\" class=\"nt-shortcode-hero jarallax section_69e62f8984702 vc_custom_1732975016743 \" data-speed=\"0.7\" data-img-position=\"50% 80%\" data-res-css=\"  .nt-shortcode-hero.section_69e62f8984702 .__title {font-size:36px;}        \"><div class=\"container\"><div class=\"row\"><div class=\"col-12 col-lg-7\"><h1 class=\"__title\"><span>Agriculture europ\u00e9enne<\/span> Qualit\u00e9 et durabilit\u00e9<\/h1><div class=\"shortcode-page-breadcrumbs breadcrumb\"><div class=\"nt-breadcrumbs\"><ul class=\"nt-breadcrumbs-list\"><li class=\"bitem\"><span><a class=\"breadcrumbs__link\" href=\"https:\/\/fruitilisious.eu\/fr\/\"><span>Home<\/span><\/a><\/span><\/li><\/ul><\/div><\/div><\/div><\/div><\/div><\/div>[\/vc_column][\/vc_row][vc_row full_width=&#8221;container-null&#8221; el_id=&#8221;quality&#8221;][vc_column agro_disable_column=&#8221;yes&#8221;][vc_empty_space height=&#8221;64px&#8221;]<div class=\"section section_69e62f89856e8\" data-res-css=\"       \"><div class=\"container\"><div class=\"section-heading section-heading--center\"><h2 class=\"__title\">Agriculture europ\u00e9enne : <span>Qualit\u00e9 et durabilit\u00e9<\/span><\/h2><p>L\u2019agriculture europ\u00e9enne est reconnue dans le monde entier pour son engagement en faveur de la qualit\u00e9 et de la durabilit\u00e9. Cette position de leader est justifi\u00e9e par plusieurs facteurs cl\u00e9s :<\/p><\/div><div class=\"feature feature--style-2\"><div class=\"__inner\"><div class=\"row\"><div class=\"col-12 col-md-12 col-lg-6\"><div class=\"__item\"><i class=\"__ico\"><img decoding=\"async\" src=\"https:\/\/fruitilisious.eu\/wp-content\/uploads\/2024\/11\/badges_4868391.png\" class=\"img-fluid\" alt=\"badges_4868391.png\"><\/i><h5 class=\"__title\">Des r\u00e9glementations et normes rigoureuses\u00a0:<\/h5><p>L\u2019Union europ\u00e9enne applique des r\u00e9glementations strictes pour garantir la s\u00e9curit\u00e9, la qualit\u00e9 et la durabilit\u00e9 de l\u2019agriculture. Ces r\u00e8gles couvrent la protection des cultures, le bien-\u00eatre animal, la s\u00e9curit\u00e9 alimentaire, la tra\u00e7abilit\u00e9 ainsi que la conservation de l\u2019environnement. Le non-respect de ces r\u00e8gles entra\u00eene des sanctions et des restrictions de l\u2019acc\u00e8s au march\u00e9.<\/p><\/div><\/div><div class=\"col-12 col-md-12 col-lg-6\"><div class=\"__item\"><i class=\"__ico\"><img decoding=\"async\" src=\"https:\/\/fruitilisious.eu\/wp-content\/uploads\/2024\/11\/badges_4868391.png\" class=\"img-fluid\" alt=\"badges_4868391.png\"><\/i><h5 class=\"__title\">Appellations d\u2019origine prot\u00e9g\u00e9es (AOP) et indications g\u00e9ographiques prot\u00e9g\u00e9es (IGP)\u00a0: <\/h5><p>L\u2019Europe utilise les labels AOP et IGP pour valoriser les produits fabriqu\u00e9s selon des m\u00e9thodes traditionnelles dans des r\u00e9gions sp\u00e9cifiques. Ces labels garantissent une qualit\u00e9 sup\u00e9rieure et pr\u00e9servent les traditions agricoles locales, offrant aux consommateurs des produits dignes de confiance.<\/p><\/div><\/div><div class=\"col-12 col-md-12 col-lg-6\"><div class=\"__item\"><i class=\"__ico\"><img decoding=\"async\" src=\"https:\/\/fruitilisious.eu\/wp-content\/uploads\/2024\/11\/badges_4868391.png\" class=\"img-fluid\" alt=\"badges_4868391.png\"><\/i><h5 class=\"__title\">Agriculture biologique\u00a0: <\/h5><p>L\u2019Europe est un leader en mati\u00e8re de r\u00e9glementation et de promotion de l\u2019agriculture biologique. La r\u00e9glementation de l\u2019UE sur l\u2019agriculture biologique \u00e9tablit des normes strictes, interdisant les pesticides synth\u00e9tiques et les OGM, favorisant ainsi la biodiversit\u00e9 et le bien-\u00eatre animal. La popularit\u00e9 croissante des produits biologiques refl\u00e8te la pr\u00e9f\u00e9rence des consommateurs pour des choix durables.<\/p><\/div><\/div><div class=\"col-12 col-md-12 col-lg-6\"><div class=\"__item\"><i class=\"__ico\"><img decoding=\"async\" src=\"https:\/\/fruitilisious.eu\/wp-content\/uploads\/2024\/11\/badges_4868391.png\" class=\"img-fluid\" alt=\"badges_4868391.png\"><\/i><h5 class=\"__title\">Programmes agro-environnementaux\u00a0:<\/h5><p>L\u2019UE soutient des programmes qui encouragent les agriculteurs \u00e0 adopter des pratiques durables. Des incitations financi\u00e8res sont accord\u00e9es en faveur d\u2019activit\u00e9s b\u00e9n\u00e9fiques pour l\u2019environnement, telles que la pr\u00e9servation des habitats, l\u2019am\u00e9lioration de la biodiversit\u00e9 et la r\u00e9duction de l\u2019utilisation de produits chimiques, garantissant ainsi la durabilit\u00e9 \u00e0 long terme de l\u2019agriculture.<\/p><\/div><\/div><div class=\"col-12 col-md-12 col-lg-6\"><div class=\"__item\"><i class=\"__ico\"><img decoding=\"async\" src=\"https:\/\/fruitilisious.eu\/wp-content\/uploads\/2024\/11\/badges_4868391.png\" class=\"img-fluid\" alt=\"badges_4868391.png\"><\/i><h5 class=\"__title\">Recherche et innovation\u00a0:<\/h5><p>Les investissements importants dans la recherche et l\u2019innovation contribuent \u00e0 faire progresser les techniques agricoles durables, \u00e0 am\u00e9liorer l\u2019efficacit\u00e9 des ressources et \u00e0 lutter contre le changement climatique. La collaboration entre les institutions de recherche, les agriculteurs et les parties prenantes favorise les progr\u00e8s dans la r\u00e9solution des d\u00e9fis \u00e9mergents.<\/p><\/div><\/div><div class=\"col-12 col-md-12 col-lg-6\"><div class=\"__item\"><i class=\"__ico\"><img decoding=\"async\" src=\"https:\/\/fruitilisious.eu\/wp-content\/uploads\/2024\/11\/badges_4868391.png\" class=\"img-fluid\" alt=\"badges_4868391.png\"><\/i><h5 class=\"__title\">Sensibilisation et demande des consommateurs\u00a0: <\/h5><p>Les consommateurs europ\u00e9ens sont de plus en plus conscients des impacts environnementaux et sociaux qu\u2019entra\u00eenent leurs choix alimentaires. Cette demande en aliments produits de mani\u00e8re durable, d\u2019origine locale et biologiques a pouss\u00e9 les agriculteurs et l\u2019industrie alimentaire \u00e0 adopter des pratiques plus transparentes et durables.<\/p><\/div><\/div><div class=\"col-12 col-md-12 col-lg-6\"><div class=\"__item\"><i class=\"__ico\"><img decoding=\"async\" src=\"https:\/\/fruitilisious.eu\/wp-content\/uploads\/2024\/11\/badges_4868391.png\" class=\"img-fluid\" alt=\"badges_4868391.png\"><\/i><h5 class=\"__title\">Collaboration entre les parties prenantes\u00a0:<\/h5><p>Une forte coop\u00e9ration entre les agriculteurs, les chercheurs, les d\u00e9cideurs politiques et les chefs de file de l\u2019industrie favorise le partage des connaissances et l\u2019adoption des meilleures pratiques. Cette approche collaborative soutient l\u2019innovation et favorise le d\u00e9veloppement agricole durable dans toute l\u2019Europe.<\/p><\/div><\/div><\/div><\/div><\/div><\/div><\/div><div class=\"section section_69e62f8985d74\" data-res-css=\"       \"><div class=\"container\"><div class=\"section-heading section-heading--center\"><p>Ces facteurs contribuent \u00e0 positionner collectivement l\u2019agriculture europ\u00e9enne en tant que leader mondial en mati\u00e8re de qualit\u00e9 et de durabilit\u00e9, r\u00e9pondant aux exigences des consommateurs et aux normes r\u00e9glementaires.<\/p><\/div><div class=\"feature feature--style-2\"><div class=\"__inner\"><div class=\"row\"><div class=\"col-12 col-md-12 col-lg-6\"><div class=\"__item\"><\/div><\/div><\/div><\/div><\/div><\/div><\/div>[\/vc_column][\/vc_row][vc_row full_width=&#8221;container-stretch&#8221; css=&#8221;.vc_custom_1549793698307{padding-bottom: 124px !important;}&#8221; agro_md_css=&#8221;.vc_custom_1549793698316{padding-bottom: 84px !important;}&#8221; el_class=&#8221;section section&#8211;dark-bg&#8221; agro_sm_css=&#8221;.vc_custom_1549793698317{padding-bottom: 54px !important;}&#8221;][vc_column el_class=&#8221;section-heading&#8211;white&#8221;]<div class=\"section-heading section-heading--center item_69e62f8985de4\" data-res-css=\"     \" data-aos=\"fade\"><h2 class=\"__title\">GET <span>IN TOUCH<\/span><\/h2><p>Nous serons heureux si vous nous contactez.<\/p><\/div>\n<div class=\"wpcf7 no-js\" id=\"wpcf7-f941-o1\" lang=\"el\" dir=\"ltr\" data-wpcf7-id=\"941\">\n<div class=\"screen-reader-response\"><p role=\"status\" aria-live=\"polite\" aria-atomic=\"true\"><\/p> <ul><\/ul><\/div>\n<form action=\"\/fr\/wp-json\/wp\/v2\/pages\/1453#wpcf7-f941-o1\" method=\"post\" class=\"wpcf7-form init\" aria-label=\"\u03a6\u03cc\u03c1\u03bc\u03b1 \u03b5\u03c0\u03b9\u03ba\u03bf\u03b9\u03bd\u03c9\u03bd\u03af\u03b1\u03c2\" novalidate=\"novalidate\" data-status=\"init\">\n<fieldset class=\"hidden-fields-container\"><input type=\"hidden\" name=\"_wpcf7\" value=\"941\" \/><input type=\"hidden\" name=\"_wpcf7_version\" value=\"6.1.4\" \/><input type=\"hidden\" name=\"_wpcf7_locale\" value=\"el\" \/><input type=\"hidden\" name=\"_wpcf7_unit_tag\" value=\"wpcf7-f941-o1\" \/><input type=\"hidden\" name=\"_wpcf7_container_post\" value=\"0\" \/><input type=\"hidden\" name=\"_wpcf7_posted_data_hash\" value=\"\" \/>\n<\/fieldset>\n<div class=\"contact-form js-contact-form\" data-aos=\"fade\">\n\t<div class=\"row\">\n\t\t<div class=\"col-12 col-md-6\">\n\t\t\t<div class=\"input-wrp\">\n\t\t\t\t<p><span class=\"wpcf7-form-control-wrap\" data-name=\"text-787\"><input size=\"40\" maxlength=\"400\" class=\"wpcf7-form-control wpcf7-text wpcf7-validates-as-required textfield\" aria-required=\"true\" aria-invalid=\"false\" placeholder=\"Name\" value=\"\" type=\"text\" name=\"text-787\" \/><\/span>\n\t\t\t\t<\/p>\n\t\t\t<\/div>\n\t\t<\/div>\n\t\t<div class=\"col-12 col-md-6\">\n\t\t\t<div class=\"input-wrp\">\n\t\t\t\t<p><span class=\"wpcf7-form-control-wrap\" data-name=\"text-787\"><input size=\"40\" maxlength=\"400\" class=\"wpcf7-form-control wpcf7-text wpcf7-validates-as-required textfield\" aria-required=\"true\" aria-invalid=\"false\" placeholder=\"E-mail\" value=\"\" type=\"text\" name=\"text-787\" \/><\/span>\n\t\t\t\t<\/p>\n\t\t\t<\/div>\n\t\t<\/div>\n\t<\/div>\n\t<div class=\"input-wrp\">\n\t\t<p><span class=\"wpcf7-form-control-wrap\" data-name=\"textarea-212\"><textarea cols=\"10\" rows=\"2\" maxlength=\"2000\" class=\"wpcf7-form-control wpcf7-textarea wpcf7-validates-as-required textfield\" aria-required=\"true\" aria-invalid=\"false\" placeholder=\"Comments\" name=\"textarea-212\"><\/textarea><\/span>\n\t\t<\/p>\n\t<\/div>\n\t<p><input class=\"wpcf7-form-control wpcf7-submit has-spinner custom-btn custom-btn--medium custom-btn--style-3 wide\" type=\"submit\" value=\"Send\" \/>\n\t<\/p>\n<\/div><input type='hidden' class='wpcf7-pum' value='{\"closepopup\":false,\"closedelay\":0,\"openpopup\":false,\"openpopup_id\":0}' \/><div class=\"wpcf7-response-output\" aria-hidden=\"true\"><\/div>\n<\/form>\n<\/div>\n[\/vc_column][\/vc_row][vc_row full_width=&#8221;stretch_row_content_no_spaces&#8221;][vc_column]<div class=\"section section--no-pt section--no-pb\" style=\"min-height: 255px\"><div class=\"g_map\" data-zoom=\"7\" data-api-key=\"AIzaSyDyTSRJAk6Tl-h92TTuTVWKDQHQL3EoKTY\" data-longitude=\"40.8020872\" data-latitude=\"22.4165243\" data-marker=\"https:\/\/fruitilisious.eu\/wp-content\/uploads\/2024\/11\/089f55851068abd97cdad68e9baf2292-2.png\" style=\"min-height: 255px\"><\/div><\/div>[\/vc_column][\/vc_row][vc_row full_width=&#8221;stretch_row_content_no_spaces&#8221;][vc_column][vc_single_image image=&#8221;1705&#8243; img_size=&#8221;full&#8221; alignment=&#8221;center&#8221; css=&#8221;&#8221;][\/vc_column][\/vc_row]\n<\/div>","protected":false},"excerpt":{"rendered":"<p>[vc_row full_width=&#8221;container-null&#8221; el_class=&#8221;fl-ju-end&#8221;][vc_column agro_disable_column=&#8221;yes&#8221; offset=&#8221;vc_col-lg-12 vc_col-md-12 vc_col-xs-12&#8243;][\/vc_column][\/vc_row][vc_row full_width=&#8221;container-null&#8221; el_id=&#8221;quality&#8221;][vc_column agro_disable_column=&#8221;yes&#8221;][vc_empty_space height=&#8221;64px&#8221;][\/vc_column][\/vc_row][vc_row full_width=&#8221;container-stretch&#8221; css=&#8221;.vc_custom_1549793698307{padding-bottom: 124px !important;}&#8221; agro_md_css=&#8221;.vc_custom_1549793698316{padding-bottom: 84px !important;}&#8221; el_class=&#8221;section section&#8211;dark-bg&#8221; agro_sm_css=&#8221;.vc_custom_1549793698317{padding-bottom: 54px !important;}&#8221;][vc_column el_class=&#8221;section-heading&#8211;white&#8221;][\/vc_column][\/vc_row][vc_row full_width=&#8221;stretch_row_content_no_spaces&#8221;][vc_column][\/vc_column][\/vc_row][vc_row full_width=&#8221;stretch_row_content_no_spaces&#8221;][vc_column][vc_single_image image=&#8221;1705&#8243; img_size=&#8221;full&#8221; alignment=&#8221;center&#8221; css=&#8221;&#8221;][\/vc_column][\/vc_row]<\/p>\n","protected":false},"author":1,"featured_media":0,"parent":0,"menu_order":0,"comment_status":"closed","ping_status":"closed","template":"custom-page.php","meta":{"footnotes":""},"class_list":["post-1453","page","type-page","status-publish","hentry"," nt-post-class"],"_links":{"self":[{"href":"https:\/\/fruitilisious.eu\/fr\/wp-json\/wp\/v2\/pages\/1453","targetHints":{"allow":["GET"]}}],"collection":[{"href":"https:\/\/fruitilisious.eu\/fr\/wp-json\/wp\/v2\/pages"}],"about":[{"href":"https:\/\/fruitilisious.eu\/fr\/wp-json\/wp\/v2\/types\/page"}],"author":[{"embeddable":true,"href":"https:\/\/fruitilisious.eu\/fr\/wp-json\/wp\/v2\/users\/1"}],"replies":[{"embeddable":true,"href":"https:\/\/fruitilisious.eu\/fr\/wp-json\/wp\/v2\/comments?post=1453"}],"version-history":[{"count":7,"href":"https:\/\/fruitilisious.eu\/fr\/wp-json\/wp\/v2\/pages\/1453\/revisions"}],"predecessor-version":[{"id":1554,"href":"https:\/\/fruitilisious.eu\/fr\/wp-json\/wp\/v2\/pages\/1453\/revisions\/1554"}],"wp:attachment":[{"href":"https:\/\/fruitilisious.eu\/fr\/wp-json\/wp\/v2\/media?parent=1453"}],"curies":[{"name":"wp","href":"https:\/\/api.w.org\/{rel}","templated":true}]}}